{"id":1100,"date":"2023-04-24T10:28:38","date_gmt":"2023-04-24T10:28:38","guid":{"rendered":"https:\/\/epigenixzuerich.ch\/dr-med-krisztina-barath\/"},"modified":"2024-04-23T13:13:35","modified_gmt":"2024-04-23T13:13:35","slug":"dr-med-krisztina-barath","status":"publish","type":"page","link":"https:\/\/epigenixzuerich.ch\/en\/dr-med-krisztina-barath\/","title":{"rendered":"Dr. med. Krisztina Bar\u00e1th"},"content":{"rendered":"","protected":false},"excerpt":{"rendered":"","protected":false},"author":2,"featured_media":893,"parent":0,"menu_order":32,"comment_status":"closed","ping_status":"closed","template":"","meta":{"footnotes":""},"class_list":["post-1100","page","type-page","status-publish","has-post-thumbnail","hentry"],"acf":[],"yoast_head":"<!-- This site is optimized with the Yoast SEO plugin v22.2 - https:\/\/yoast.com\/wordpress\/plugins\/seo\/ -->\n<title>Dr. med. Krisztina Bar\u00e1th - epigeniXz\u00fcrich<\/title>\n<meta name=\"description\" content=\"Dr. med. Krisztina Bar\u00e1th ist die leitende \u00c4rztin, Gr\u00fcnderin und CEO der Praxis integrativen und regenerative Medizin epigenixz\u00fcrich.\" \/>\n<meta name=\"robots\" content=\"index, follow, max-snippet:-1, max-image-preview:large, max-video-preview:-1\" \/>\n<link rel=\"canonical\" href=\"https:\/\/epigenixzuerich.ch\/en\/dr-med-krisztina-barath\/\" \/>\n<meta property=\"og:locale\" content=\"en_US\" \/>\n<meta property=\"og:type\" content=\"article\" \/>\n<meta property=\"og:title\" content=\"Dr. med. Krisztina Bar\u00e1th - epigeniXz\u00fcrich\" \/>\n<meta property=\"og:description\" content=\"Dr. med. Krisztina Bar\u00e1th ist die leitende \u00c4rztin, Gr\u00fcnderin und CEO der Praxis integrativen und regenerative Medizin epigenixz\u00fcrich.\" \/>\n<meta property=\"og:url\" content=\"https:\/\/epigenixzuerich.ch\/en\/dr-med-krisztina-barath\/\" \/>\n<meta property=\"og:site_name\" content=\"epigeniXz\u00fcrich\" \/>\n<meta property=\"article:modified_time\" content=\"2024-04-23T13:13:35+00:00\" \/>\n<meta property=\"og:image\" content=\"https:\/\/epigenixzuerich.ch\/app\/uploads\/2023\/04\/kuyler-epigenix-160223-075-scaled.jpg\" \/>\n\t<meta property=\"og:image:width\" content=\"1707\" \/>\n\t<meta property=\"og:image:height\" content=\"2560\" \/>\n\t<meta property=\"og:image:type\" content=\"image\/jpeg\" \/>\n<meta name=\"twitter:card\" content=\"summary_large_image\" \/>\n<meta name=\"twitter:label1\" content=\"Est. reading time\" \/>\n\t<meta name=\"twitter:data1\" content=\"2 minutes\" \/>\n<script type=\"application\/ld+json\" class=\"yoast-schema-graph\">{\"@context\":\"https:\/\/schema.org\",\"@graph\":[{\"@type\":\"WebPage\",\"@id\":\"https:\/\/epigenixzuerich.ch\/en\/dr-med-krisztina-barath\/\",\"url\":\"https:\/\/epigenixzuerich.ch\/en\/dr-med-krisztina-barath\/\",\"name\":\"Dr. med. Krisztina Bar\u00e1th - epigeniXz\u00fcrich\",\"isPartOf\":{\"@id\":\"https:\/\/epigenixzuerich.ch\/en\/#website\"},\"primaryImageOfPage\":{\"@id\":\"https:\/\/epigenixzuerich.ch\/en\/dr-med-krisztina-barath\/#primaryimage\"},\"image\":{\"@id\":\"https:\/\/epigenixzuerich.ch\/en\/dr-med-krisztina-barath\/#primaryimage\"},\"thumbnailUrl\":\"https:\/\/epigenixzuerich.ch\/app\/uploads\/2023\/04\/kuyler-epigenix-160223-075-scaled.jpg\",\"datePublished\":\"2023-04-24T10:28:38+00:00\",\"dateModified\":\"2024-04-23T13:13:35+00:00\",\"description\":\"Dr. med. Krisztina Bar\u00e1th ist die leitende \u00c4rztin, Gr\u00fcnderin und CEO der Praxis integrativen und regenerative Medizin epigenixz\u00fcrich.\",\"breadcrumb\":{\"@id\":\"https:\/\/epigenixzuerich.ch\/en\/dr-med-krisztina-barath\/#breadcrumb\"},\"inLanguage\":\"en-US\",\"potentialAction\":[{\"@type\":\"ReadAction\",\"target\":[\"https:\/\/epigenixzuerich.ch\/en\/dr-med-krisztina-barath\/\"]}]},{\"@type\":\"ImageObject\",\"inLanguage\":\"en-US\",\"@id\":\"https:\/\/epigenixzuerich.ch\/en\/dr-med-krisztina-barath\/#primaryimage\",\"url\":\"https:\/\/epigenixzuerich.ch\/app\/uploads\/2023\/04\/kuyler-epigenix-160223-075-scaled.jpg\",\"contentUrl\":\"https:\/\/epigenixzuerich.ch\/app\/uploads\/2023\/04\/kuyler-epigenix-160223-075-scaled.jpg\",\"width\":1707,\"height\":2560},{\"@type\":\"BreadcrumbList\",\"@id\":\"https:\/\/epigenixzuerich.ch\/en\/dr-med-krisztina-barath\/#breadcrumb\",\"itemListElement\":[{\"@type\":\"ListItem\",\"position\":1,\"name\":\"Home\",\"item\":\"https:\/\/epigenixzuerich.ch\/en\/\"},{\"@type\":\"ListItem\",\"position\":2,\"name\":\"Dr. med. Krisztina Bar\u00e1th\"}]},{\"@type\":\"WebSite\",\"@id\":\"https:\/\/epigenixzuerich.ch\/en\/#website\",\"url\":\"https:\/\/epigenixzuerich.ch\/en\/\",\"name\":\"epigeniXz\u00fcrich\",\"description\":\"Metabolische und bioregulative Medizin\",\"alternateName\":\"Metabolische und bioregulative Medizin\",\"potentialAction\":[{\"@type\":\"SearchAction\",\"target\":{\"@type\":\"EntryPoint\",\"urlTemplate\":\"https:\/\/epigenixzuerich.ch\/en\/?s={search_term_string}\"},\"query-input\":\"required name=search_term_string\"}],\"inLanguage\":\"en-US\"}]}<\/script>\n<!-- \/ Yoast SEO plugin. -->","yoast_head_json":{"title":"Dr. med. Krisztina Bar\u00e1th - epigeniXz\u00fcrich","description":"Dr. med. Krisztina Bar\u00e1th ist die leitende \u00c4rztin, Gr\u00fcnderin und CEO der Praxis integrativen und regenerative Medizin epigenixz\u00fcrich.","robots":{"index":"index","follow":"follow","max-snippet":"max-snippet:-1","max-image-preview":"max-image-preview:large","max-video-preview":"max-video-preview:-1"},"canonical":"https:\/\/epigenixzuerich.ch\/en\/dr-med-krisztina-barath\/","og_locale":"en_US","og_type":"article","og_title":"Dr. med. Krisztina Bar\u00e1th - epigeniXz\u00fcrich","og_description":"Dr. med. Krisztina Bar\u00e1th ist die leitende \u00c4rztin, Gr\u00fcnderin und CEO der Praxis integrativen und regenerative Medizin epigenixz\u00fcrich.","og_url":"https:\/\/epigenixzuerich.ch\/en\/dr-med-krisztina-barath\/","og_site_name":"epigeniXz\u00fcrich","article_modified_time":"2024-04-23T13:13:35+00:00","og_image":[{"width":1707,"height":2560,"url":"https:\/\/epigenixzuerich.ch\/app\/uploads\/2023\/04\/kuyler-epigenix-160223-075-scaled.jpg","type":"image\/jpeg"}],"twitter_card":"summary_large_image","twitter_misc":{"Est. reading time":"2 minutes"},"schema":{"@context":"https:\/\/schema.org","@graph":[{"@type":"WebPage","@id":"https:\/\/epigenixzuerich.ch\/en\/dr-med-krisztina-barath\/","url":"https:\/\/epigenixzuerich.ch\/en\/dr-med-krisztina-barath\/","name":"Dr. med. Krisztina Bar\u00e1th - epigeniXz\u00fcrich","isPartOf":{"@id":"https:\/\/epigenixzuerich.ch\/en\/#website"},"primaryImageOfPage":{"@id":"https:\/\/epigenixzuerich.ch\/en\/dr-med-krisztina-barath\/#primaryimage"},"image":{"@id":"https:\/\/epigenixzuerich.ch\/en\/dr-med-krisztina-barath\/#primaryimage"},"thumbnailUrl":"https:\/\/epigenixzuerich.ch\/app\/uploads\/2023\/04\/kuyler-epigenix-160223-075-scaled.jpg","datePublished":"2023-04-24T10:28:38+00:00","dateModified":"2024-04-23T13:13:35+00:00","description":"Dr. med. Krisztina Bar\u00e1th ist die leitende \u00c4rztin, Gr\u00fcnderin und CEO der Praxis integrativen und regenerative Medizin epigenixz\u00fcrich.","breadcrumb":{"@id":"https:\/\/epigenixzuerich.ch\/en\/dr-med-krisztina-barath\/#breadcrumb"},"inLanguage":"en-US","potentialAction":[{"@type":"ReadAction","target":["https:\/\/epigenixzuerich.ch\/en\/dr-med-krisztina-barath\/"]}]},{"@type":"ImageObject","inLanguage":"en-US","@id":"https:\/\/epigenixzuerich.ch\/en\/dr-med-krisztina-barath\/#primaryimage","url":"https:\/\/epigenixzuerich.ch\/app\/uploads\/2023\/04\/kuyler-epigenix-160223-075-scaled.jpg","contentUrl":"https:\/\/epigenixzuerich.ch\/app\/uploads\/2023\/04\/kuyler-epigenix-160223-075-scaled.jpg","width":1707,"height":2560},{"@type":"BreadcrumbList","@id":"https:\/\/epigenixzuerich.ch\/en\/dr-med-krisztina-barath\/#breadcrumb","itemListElement":[{"@type":"ListItem","position":1,"name":"Home","item":"https:\/\/epigenixzuerich.ch\/en\/"},{"@type":"ListItem","position":2,"name":"Dr. med. Krisztina Bar\u00e1th"}]},{"@type":"WebSite","@id":"https:\/\/epigenixzuerich.ch\/en\/#website","url":"https:\/\/epigenixzuerich.ch\/en\/","name":"epigeniXz\u00fcrich","description":"Metabolische und bioregulative Medizin","alternateName":"Metabolische und bioregulative Medizin","potentialAction":[{"@type":"SearchAction","target":{"@type":"EntryPoint","urlTemplate":"https:\/\/epigenixzuerich.ch\/en\/?s={search_term_string}"},"query-input":"required name=search_term_string"}],"inLanguage":"en-US"}]}},"_links":{"self":[{"href":"https:\/\/epigenixzuerich.ch\/en\/wp-json\/wp\/v2\/pages\/1100"}],"collection":[{"href":"https:\/\/epigenixzuerich.ch\/en\/wp-json\/wp\/v2\/pages"}],"about":[{"href":"https:\/\/epigenixzuerich.ch\/en\/wp-json\/wp\/v2\/types\/page"}],"author":[{"embeddable":true,"href":"https:\/\/epigenixzuerich.ch\/en\/wp-json\/wp\/v2\/users\/2"}],"replies":[{"embeddable":true,"href":"https:\/\/epigenixzuerich.ch\/en\/wp-json\/wp\/v2\/comments?post=1100"}],"version-history":[{"count":1,"href":"https:\/\/epigenixzuerich.ch\/en\/wp-json\/wp\/v2\/pages\/1100\/revisions"}],"predecessor-version":[{"id":1101,"href":"https:\/\/epigenixzuerich.ch\/en\/wp-json\/wp\/v2\/pages\/1100\/revisions\/1101"}],"wp:featuredmedia":[{"embeddable":true,"href":"https:\/\/epigenixzuerich.ch\/en\/wp-json\/wp\/v2\/media\/893"}],"wp:attachment":[{"href":"https:\/\/epigenixzuerich.ch\/en\/wp-json\/wp\/v2\/media?parent=1100"}],"curies":[{"name":"wp","href":"https:\/\/api.w.org\/{rel}","templated":true}]}}